{"id":40,"date":"2019-05-26T13:04:11","date_gmt":"2019-05-26T13:04:11","guid":{"rendered":"https:\/\/wintertal.ch\/?page_id=40"},"modified":"2019-08-16T15:53:10","modified_gmt":"2019-08-16T15:53:10","slug":"beim-ankommen","status":"publish","type":"page","link":"https:\/\/wintertal.ch\/?page_id=40","title":{"rendered":"Beim Ankommen"},"content":{"rendered":"\n<ol class=\"wp-block-list\"><li>alle Wasserh\u00e4hne (WC oben, K\u00fcche, WC + Dusche unten) schliessen bzw. nach rechts drehen und WC-Sp\u00fclungen in Normalstellung (Chl\u00e4bi abnehmen)<\/li><li>unten im R\u00e4umli hinter dem Badezimmer beide gr\u00fcnen Haupth\u00e4hne aufdrehen <\/li><li> (nach links bis zum Anschlag)  auch in diesem R\u00e4umli: Hauptschalter auf dem Elektrotableau einschalten (gegen oben kippen)  <\/li><li>beim Durchlauferhitzer im oberen WC den Stecker einstecken <\/li><\/ol>\n\n\n\n<p><\/p>\n","protected":false},"excerpt":{"rendered":"<p>alle Wasserh\u00e4hne (WC oben, K\u00fcche, WC + Dusche unten) schliessen bzw. nach rechts drehen und WC-Sp\u00fclungen in Normalstellung (Chl\u00e4bi abnehmen) unten im R\u00e4umli hinter dem Badezimmer beide gr\u00fcnen Haupth\u00e4hne aufdrehen (nach links bis zum Anschlag) auch in diesem R\u00e4umli: Hauptschalter auf dem Elektrotableau einschalten (gegen oben kippen) beim Durchlauferhitzer im oberen WC den Stecker einstecken<\/p>\n","protected":false},"author":1,"featured_media":0,"parent":5,"menu_order":0,"comment_status":"closed","ping_status":"closed","template":"","meta":{"footnotes":""},"class_list":["post-40","page","type-page","status-publish","hentry"],"_links":{"self":[{"href":"https:\/\/wintertal.ch\/index.php?rest_route=\/wp\/v2\/pages\/40","targetHints":{"allow":["GET"]}}],"collection":[{"href":"https:\/\/wintertal.ch\/index.php?rest_route=\/wp\/v2\/pages"}],"about":[{"href":"https:\/\/wintertal.ch\/index.php?rest_route=\/wp\/v2\/types\/page"}],"author":[{"embeddable":true,"href":"https:\/\/wintertal.ch\/index.php?rest_route=\/wp\/v2\/users\/1"}],"replies":[{"embeddable":true,"href":"https:\/\/wintertal.ch\/index.php?rest_route=%2Fwp%2Fv2%2Fcomments&post=40"}],"version-history":[{"count":3,"href":"https:\/\/wintertal.ch\/index.php?rest_route=\/wp\/v2\/pages\/40\/revisions"}],"predecessor-version":[{"id":83,"href":"https:\/\/wintertal.ch\/index.php?rest_route=\/wp\/v2\/pages\/40\/revisions\/83"}],"up":[{"embeddable":true,"href":"https:\/\/wintertal.ch\/index.php?rest_route=\/wp\/v2\/pages\/5"}],"wp:attachment":[{"href":"https:\/\/wintertal.ch\/index.php?rest_route=%2Fwp%2Fv2%2Fmedia&parent=40"}],"curies":[{"name":"wp","href":"https:\/\/api.w.org\/{rel}","templated":true}]}}