{"id":23,"date":"2019-05-26T11:43:42","date_gmt":"2019-05-26T11:43:42","guid":{"rendered":"https:\/\/wintertal.ch\/?page_id=23"},"modified":"2024-01-04T12:52:35","modified_gmt":"2024-01-04T12:52:35","slug":"infornmationen","status":"publish","type":"page","link":"https:\/\/wintertal.ch\/?page_id=23","title":{"rendered":"Beim Verlassen"},"content":{"rendered":"\n<h6 class=\"wp-block-heading\">Bitte beim verlassen folgende Schritte durchf\u00fchren&#8230;<\/h6>\n\n\n\n<ul class=\"wp-block-list\">\n<li>Betten machen<\/li>\n<\/ul>\n\n\n\n<ul class=\"wp-block-list\">\n<li>Staubsaugern und reinigen der R\u00e4ume<\/li>\n<\/ul>\n\n\n\n<ul class=\"wp-block-list\">\n<li>Heiz\u00f6l auff\u00fcllen (danach die volle \u00d6lkanne ins oberen WC stellen)<\/li>\n<\/ul>\n\n\n\n<ul class=\"wp-block-list\">\n<li>Holzkorb auff\u00fcllen; bitte Buche + Tanne<\/li>\n<\/ul>\n\n\n\n<ul class=\"wp-block-list\">\n<li>Aschenbeh\u00e4lter leeren<\/li>\n<\/ul>\n\n\n\n<ul class=\"wp-block-list\">\n<li>beim Durchlauferhitzer im oberen WC den Stecker ausziehen<\/li>\n<\/ul>\n\n\n\n<h5 class=\"wp-block-heading\"><strong>Entleeren<\/strong><\/h5>\n\n\n\n<ol class=\"wp-block-list\">\n<li>unten im R\u00e4umli beide gr\u00fcnen Haupth\u00e4hne zudrehen (nach rechts bis zum Anschlag) und \u201eEntleerungsh\u00e4neli\u201c \u00f6ffnen (Schlauchende in Beh\u00e4lter\/Kessel o.\u00e4.)<\/li>\n\n\n\n<li>Alle Wasserh\u00e4hne (WC oben, K\u00fcche, WC + Dusche unten) \u00f6ffnen bzw. nach links drehen bis zum Anschlag, Duschhahn \u00f6ffnen und nach links und rechts drehen, Duschbrause nach unten in die Duschtasse legen<\/li>\n\n\n\n<li>Beim Durchlauferhitzer im oberen WC den Hilfsschlauch anschliessen und den roten Entleerungshahn \u00f6ffnen. Sobald kein Wasser mehr rausfliesst, kann der Schlauch abgenommen, die Abdeckkappe aufgeschraubt und der rote Hahn zugedreht 1\/4 Drehung) werden.<\/li>\n\n\n\n<li>In jedes Siphon (wenig) und in die beiden WC\u2019s (ca. 1\/2dl aus 5l-Kanister) Frostschutzmittel reinleeren<\/li>\n\n\n\n<li><strong>Der Entleerungshahn  muss am Schluss geschlossen werden (\u00dcberschwemmungen)<\/strong><\/li>\n<\/ol>\n\n\n\n<p><\/p>\n","protected":false},"excerpt":{"rendered":"<p>Bitte beim verlassen folgende Schritte durchf\u00fchren&#8230; Entleeren<\/p>\n","protected":false},"author":1,"featured_media":0,"parent":5,"menu_order":0,"comment_status":"closed","ping_status":"closed","template":"","meta":{"footnotes":""},"class_list":["post-23","page","type-page","status-publish","hentry"],"_links":{"self":[{"href":"https:\/\/wintertal.ch\/index.php?rest_route=\/wp\/v2\/pages\/23","targetHints":{"allow":["GET"]}}],"collection":[{"href":"https:\/\/wintertal.ch\/index.php?rest_route=\/wp\/v2\/pages"}],"about":[{"href":"https:\/\/wintertal.ch\/index.php?rest_route=\/wp\/v2\/types\/page"}],"author":[{"embeddable":true,"href":"https:\/\/wintertal.ch\/index.php?rest_route=\/wp\/v2\/users\/1"}],"replies":[{"embeddable":true,"href":"https:\/\/wintertal.ch\/index.php?rest_route=%2Fwp%2Fv2%2Fcomments&post=23"}],"version-history":[{"count":8,"href":"https:\/\/wintertal.ch\/index.php?rest_route=\/wp\/v2\/pages\/23\/revisions"}],"predecessor-version":[{"id":134,"href":"https:\/\/wintertal.ch\/index.php?rest_route=\/wp\/v2\/pages\/23\/revisions\/134"}],"up":[{"embeddable":true,"href":"https:\/\/wintertal.ch\/index.php?rest_route=\/wp\/v2\/pages\/5"}],"wp:attachment":[{"href":"https:\/\/wintertal.ch\/index.php?rest_route=%2Fwp%2Fv2%2Fmedia&parent=23"}],"curies":[{"name":"wp","href":"https:\/\/api.w.org\/{rel}","templated":true}]}}